{"id":27,"date":"2023-03-30T20:57:54","date_gmt":"2023-03-30T18:57:54","guid":{"rendered":"https:\/\/kltravel.eu\/?page_id=27"},"modified":"2023-04-01T08:44:03","modified_gmt":"2023-04-01T06:44:03","slug":"ubytovani","status":"publish","type":"page","link":"https:\/\/kltravel.eu\/index.php\/cs\/ubytovani\/","title":{"rendered":"Ubytov\u00e1n\u00ed"},"content":{"rendered":"\n<p>Spole\u010dnost KL Travel Service  zprost\u0159edkov\u00e1v\u00e1 ubytov\u00e1n\u00ed v \u010cesk\u00e9 republice, v Evrop\u011b i v obl\u00edben\u00fdch destinac\u00edch po cel\u00e9m sv\u011bt\u011b. Na\u0161imi z\u00e1kazn\u00edky jsou cestovn\u00ed kancel\u00e1\u0159e, skupiny i jednotlivci.<\/p>\n\n\n\n<p>Klient\u016fm nab\u00edz\u00edme individu\u00e1ln\u00ed servis dle jejich konkr\u00e9tn\u00edch pot\u0159eb a z\u00e1jm\u016f, mohou si vybrat ze \u0161irok\u00e9 nab\u00eddky ubytov\u00e1n\u00ed v mnoha zem\u00edch, r\u016fzn\u00e9ho standardu i v r\u016fzn\u00e9m prost\u0159ed\u00ed.<\/p>\n\n\n\n<p>Pro kon\u00e1n\u00ed konferenc\u00ed V\u00e1m zajist\u00edme nadstandardn\u00ed konferen\u010dn\u00ed prost\u0159ed\u00ed \u010di ubytov\u00e1n\u00ed v nejlep\u0161\u00edch hotel\u00edch, za \u00fa\u010delem levn\u00e9ho cestov\u00e1n\u00ed nab\u00edz\u00edme nep\u0159ebernou \u0161k\u00e1lu hotel\u016f ni\u017e\u0161\u00ed cenov\u00e9 kategorie, penzion\u016f \u010di ubytov\u00e1n\u00ed v soukrom\u00ed, cestovn\u00edm kancel\u00e1\u0159\u00edm pom\u016f\u017eeme naj\u00edt vhodn\u00fd hotel pro jejich pozn\u00e1vac\u00ed i pobytov\u00e9 z\u00e1jezdy.<\/p>\n","protected":false},"excerpt":{"rendered":"<p>Spole\u010dnost KL Travel Service zprost\u0159edkov\u00e1v\u00e1 ubytov\u00e1n\u00ed v \u010cesk\u00e9 republice, v Evrop\u011b i v obl\u00edben\u00fdch destinac\u00edch po cel\u00e9m sv\u011bt\u011b. Na\u0161imi z\u00e1kazn\u00edky jsou cestovn\u00ed kancel\u00e1\u0159e, skupiny i jednotlivci. Klient\u016fm nab\u00edz\u00edme individu\u00e1ln\u00ed servis dle jejich konkr\u00e9tn\u00edch pot\u0159eb a z\u00e1jm\u016f, mohou si vybrat ze \u0161irok\u00e9 nab\u00eddky ubytov\u00e1n\u00ed v mnoha zem\u00edch, r\u016fzn\u00e9ho standardu i v r\u016fzn\u00e9m prost\u0159ed\u00ed. Pro kon\u00e1n\u00ed konferenc\u00ed&#8230;<\/p>\n","protected":false},"author":2,"featured_media":0,"parent":0,"menu_order":0,"comment_status":"closed","ping_status":"closed","template":"","meta":{"_kadence_starter_templates_imported_post":false,"_kad_post_transparent":"","_kad_post_title":"","_kad_post_layout":"","_kad_post_sidebar_id":"","_kad_post_content_style":"","_kad_post_vertical_padding":"","_kad_post_feature":"","_kad_post_feature_position":"","_kad_post_header":false,"_kad_post_footer":false,"_kad_post_classname":"","footnotes":""},"class_list":["post-27","page","type-page","status-publish","hentry"],"yoast_head":"<!-- This site is optimized with the Yoast SEO plugin v27.4 - https:\/\/yoast.com\/product\/yoast-seo-wordpress\/ -->\n<title>Ubytov\u00e1n\u00ed - KL Travel<\/title>\n<meta name=\"robots\" content=\"index, follow, max-snippet:-1, max-image-preview:large, max-video-preview:-1\" \/>\n<link rel=\"canonical\" href=\"https:\/\/kltravel.eu\/index.php\/cs\/ubytovani\/\" \/>\n<meta property=\"og:locale\" content=\"cs_CZ\" \/>\n<meta property=\"og:type\" content=\"article\" \/>\n<meta property=\"og:title\" content=\"Ubytov\u00e1n\u00ed - KL Travel\" \/>\n<meta property=\"og:description\" content=\"Spole\u010dnost KL Travel Service zprost\u0159edkov\u00e1v\u00e1 ubytov\u00e1n\u00ed v \u010cesk\u00e9 republice, v Evrop\u011b i v obl\u00edben\u00fdch destinac\u00edch po cel\u00e9m sv\u011bt\u011b. Na\u0161imi z\u00e1kazn\u00edky jsou cestovn\u00ed kancel\u00e1\u0159e, skupiny i jednotlivci. Klient\u016fm nab\u00edz\u00edme individu\u00e1ln\u00ed servis dle jejich konkr\u00e9tn\u00edch pot\u0159eb a z\u00e1jm\u016f, mohou si vybrat ze \u0161irok\u00e9 nab\u00eddky ubytov\u00e1n\u00ed v mnoha zem\u00edch, r\u016fzn\u00e9ho standardu i v r\u016fzn\u00e9m prost\u0159ed\u00ed. Pro kon\u00e1n\u00ed konferenc\u00ed...\" \/>\n<meta property=\"og:url\" content=\"https:\/\/kltravel.eu\/index.php\/cs\/ubytovani\/\" \/>\n<meta property=\"og:site_name\" content=\"KL Travel\" \/>\n<meta property=\"article:modified_time\" content=\"2023-04-01T06:44:03+00:00\" \/>\n<meta name=\"twitter:card\" content=\"summary_large_image\" \/>\n<meta name=\"twitter:label1\" content=\"Odhadovan\u00e1 doba \u010dten\u00ed\" \/>\n\t<meta name=\"twitter:data1\" content=\"1 minuta\" \/>\n<script type=\"application\/ld+json\" class=\"yoast-schema-graph\">{\"@context\":\"https:\\\/\\\/schema.org\",\"@graph\":[{\"@type\":\"WebPage\",\"@id\":\"https:\\\/\\\/kltravel.eu\\\/index.php\\\/cs\\\/ubytovani\\\/\",\"url\":\"https:\\\/\\\/kltravel.eu\\\/index.php\\\/cs\\\/ubytovani\\\/\",\"name\":\"Ubytov\u00e1n\u00ed - KL Travel\",\"isPartOf\":{\"@id\":\"https:\\\/\\\/kltravel.eu\\\/#website\"},\"datePublished\":\"2023-03-30T18:57:54+00:00\",\"dateModified\":\"2023-04-01T06:44:03+00:00\",\"breadcrumb\":{\"@id\":\"https:\\\/\\\/kltravel.eu\\\/index.php\\\/cs\\\/ubytovani\\\/#breadcrumb\"},\"inLanguage\":\"cs\",\"potentialAction\":[{\"@type\":\"ReadAction\",\"target\":[\"https:\\\/\\\/kltravel.eu\\\/index.php\\\/cs\\\/ubytovani\\\/\"]}]},{\"@type\":\"BreadcrumbList\",\"@id\":\"https:\\\/\\\/kltravel.eu\\\/index.php\\\/cs\\\/ubytovani\\\/#breadcrumb\",\"itemListElement\":[{\"@type\":\"ListItem\",\"position\":1,\"name\":\"Home\",\"item\":\"https:\\\/\\\/kltravel.eu\\\/\"},{\"@type\":\"ListItem\",\"position\":2,\"name\":\"Ubytov\u00e1n\u00ed\"}]},{\"@type\":\"WebSite\",\"@id\":\"https:\\\/\\\/kltravel.eu\\\/#website\",\"url\":\"https:\\\/\\\/kltravel.eu\\\/\",\"name\":\"kltravel.eu\",\"description\":\"\",\"potentialAction\":[{\"@type\":\"SearchAction\",\"target\":{\"@type\":\"EntryPoint\",\"urlTemplate\":\"https:\\\/\\\/kltravel.eu\\\/?s={search_term_string}\"},\"query-input\":{\"@type\":\"PropertyValueSpecification\",\"valueRequired\":true,\"valueName\":\"search_term_string\"}}],\"inLanguage\":\"cs\"}]}<\/script>\n<!-- \/ Yoast SEO plugin. -->","yoast_head_json":{"title":"Ubytov\u00e1n\u00ed - KL Travel","robots":{"index":"index","follow":"follow","max-snippet":"max-snippet:-1","max-image-preview":"max-image-preview:large","max-video-preview":"max-video-preview:-1"},"canonical":"https:\/\/kltravel.eu\/index.php\/cs\/ubytovani\/","og_locale":"cs_CZ","og_type":"article","og_title":"Ubytov\u00e1n\u00ed - KL Travel","og_description":"Spole\u010dnost KL Travel Service zprost\u0159edkov\u00e1v\u00e1 ubytov\u00e1n\u00ed v \u010cesk\u00e9 republice, v Evrop\u011b i v obl\u00edben\u00fdch destinac\u00edch po cel\u00e9m sv\u011bt\u011b. Na\u0161imi z\u00e1kazn\u00edky jsou cestovn\u00ed kancel\u00e1\u0159e, skupiny i jednotlivci. Klient\u016fm nab\u00edz\u00edme individu\u00e1ln\u00ed servis dle jejich konkr\u00e9tn\u00edch pot\u0159eb a z\u00e1jm\u016f, mohou si vybrat ze \u0161irok\u00e9 nab\u00eddky ubytov\u00e1n\u00ed v mnoha zem\u00edch, r\u016fzn\u00e9ho standardu i v r\u016fzn\u00e9m prost\u0159ed\u00ed. Pro kon\u00e1n\u00ed konferenc\u00ed...","og_url":"https:\/\/kltravel.eu\/index.php\/cs\/ubytovani\/","og_site_name":"KL Travel","article_modified_time":"2023-04-01T06:44:03+00:00","twitter_card":"summary_large_image","twitter_misc":{"Odhadovan\u00e1 doba \u010dten\u00ed":"1 minuta"},"schema":{"@context":"https:\/\/schema.org","@graph":[{"@type":"WebPage","@id":"https:\/\/kltravel.eu\/index.php\/cs\/ubytovani\/","url":"https:\/\/kltravel.eu\/index.php\/cs\/ubytovani\/","name":"Ubytov\u00e1n\u00ed - KL Travel","isPartOf":{"@id":"https:\/\/kltravel.eu\/#website"},"datePublished":"2023-03-30T18:57:54+00:00","dateModified":"2023-04-01T06:44:03+00:00","breadcrumb":{"@id":"https:\/\/kltravel.eu\/index.php\/cs\/ubytovani\/#breadcrumb"},"inLanguage":"cs","potentialAction":[{"@type":"ReadAction","target":["https:\/\/kltravel.eu\/index.php\/cs\/ubytovani\/"]}]},{"@type":"BreadcrumbList","@id":"https:\/\/kltravel.eu\/index.php\/cs\/ubytovani\/#breadcrumb","itemListElement":[{"@type":"ListItem","position":1,"name":"Home","item":"https:\/\/kltravel.eu\/"},{"@type":"ListItem","position":2,"name":"Ubytov\u00e1n\u00ed"}]},{"@type":"WebSite","@id":"https:\/\/kltravel.eu\/#website","url":"https:\/\/kltravel.eu\/","name":"kltravel.eu","description":"","potentialAction":[{"@type":"SearchAction","target":{"@type":"EntryPoint","urlTemplate":"https:\/\/kltravel.eu\/?s={search_term_string}"},"query-input":{"@type":"PropertyValueSpecification","valueRequired":true,"valueName":"search_term_string"}}],"inLanguage":"cs"}]}},"_links":{"self":[{"href":"https:\/\/kltravel.eu\/index.php\/wp-json\/wp\/v2\/pages\/27","targetHints":{"allow":["GET"]}}],"collection":[{"href":"https:\/\/kltravel.eu\/index.php\/wp-json\/wp\/v2\/pages"}],"about":[{"href":"https:\/\/kltravel.eu\/index.php\/wp-json\/wp\/v2\/types\/page"}],"author":[{"embeddable":true,"href":"https:\/\/kltravel.eu\/index.php\/wp-json\/wp\/v2\/users\/2"}],"replies":[{"embeddable":true,"href":"https:\/\/kltravel.eu\/index.php\/wp-json\/wp\/v2\/comments?post=27"}],"version-history":[{"count":1,"href":"https:\/\/kltravel.eu\/index.php\/wp-json\/wp\/v2\/pages\/27\/revisions"}],"predecessor-version":[{"id":28,"href":"https:\/\/kltravel.eu\/index.php\/wp-json\/wp\/v2\/pages\/27\/revisions\/28"}],"wp:attachment":[{"href":"https:\/\/kltravel.eu\/index.php\/wp-json\/wp\/v2\/media?parent=27"}],"curies":[{"name":"wp","href":"https:\/\/api.w.org\/{rel}","templated":true}]}}