{"id":25,"date":"2023-03-30T20:57:04","date_gmt":"2023-03-30T18:57:04","guid":{"rendered":"https:\/\/kltravel.eu\/?page_id=25"},"modified":"2023-04-01T15:04:12","modified_gmt":"2023-04-01T13:04:12","slug":"o-nas","status":"publish","type":"page","link":"https:\/\/kltravel.eu\/index.php\/cs\/o-nas\/","title":{"rendered":"O n\u00e1s"},"content":{"rendered":"\n<p>KL Travel Service je cestovn\u00ed agentura zprost\u0159edkov\u00e1vaj\u00edc\u00ed ubytov\u00e1n\u00ed, dopravu a dal\u0161\u00ed cestovn\u00ed slu\u017eby. K&nbsp;na\u0161im z\u00e1kazn\u00edk\u016fm pat\u0159\u00ed cestovn\u00ed kancel\u00e1\u0159e, firmy i jednotlivci, a to jak z&nbsp;\u010cesk\u00e9 republiky, tak ze zahrani\u010d\u00ed. Na\u0161\u00ed snahou je provozovat precizn\u00ed slu\u017eby s&nbsp;nab\u00eddkou \u0161itou konkr\u00e9tn\u00edmu z\u00e1kazn\u00edkovi na m\u00edru.<\/p>\n\n\n\n<p>V&nbsp;na\u0161\u00ed nab\u00eddce najdete hotely nejvy\u0161\u0161\u00ed kategorie, ale i b\u011b\u017en\u00e9 hotely, hostely \u010di ubytov\u00e1n\u00ed v&nbsp;soukrom\u00ed.&nbsp; Zprost\u0159edkujeme v\u00e1m ubytov\u00e1n\u00ed dle Va\u0161ich specifick\u00fdch po\u017eadavk\u016f, a\u0165 ji\u017e cestujete za \u00fa\u010delem pozn\u00e1v\u00e1n\u00ed, sportu, pracovn\u011b na veletrhy \u010di organizujete firemn\u00ed akce.<\/p>\n\n\n\n<p>V&nbsp;oblasti dopravy se zam\u011b\u0159ujeme na autobusovou p\u0159epravu skupin, ale nab\u00edz\u00edme i zprost\u0159edkov\u00e1n\u00ed dopravy leteck\u00e9 \u010di trajektem.<\/p>\n\n\n\n<p>Pro sv\u00e9 klienty zprost\u0159edkov\u00e1v\u00e1me i dal\u0161\u00ed cestovn\u00ed slu\u017eby, jako zaji\u0161t\u011bn\u00ed vstupenek do muze\u00ed, galeri\u00ed, na sportovn\u00ed utk\u00e1n\u00ed, prohl\u00eddky sportovn\u00edch stadion\u016f, n\u00e1v\u0161t\u011bvy divadel a spole\u010densk\u00fdch akc\u00ed \u010di prodej map a pr\u016fvodc\u016f.<\/p>\n\n\n\n<p>Sta\u010d\u00ed jen poslat nez\u00e1vaznou objedn\u00e1vku a my V\u00e1s obratem informujeme o aktu\u00e1ln\u00ed nab\u00eddce dle Va\u0161ich po\u017eadavk\u016f. T\u011b\u0161\u00edme se na na\u0161i spolupr\u00e1ci!<\/p>\n","protected":false},"excerpt":{"rendered":"<p>KL Travel Service je cestovn\u00ed agentura zprost\u0159edkov\u00e1vaj\u00edc\u00ed ubytov\u00e1n\u00ed, dopravu a dal\u0161\u00ed cestovn\u00ed slu\u017eby. K&nbsp;na\u0161im z\u00e1kazn\u00edk\u016fm pat\u0159\u00ed cestovn\u00ed kancel\u00e1\u0159e, firmy i jednotlivci, a to jak z&nbsp;\u010cesk\u00e9 republiky, tak ze zahrani\u010d\u00ed. Na\u0161\u00ed snahou je provozovat precizn\u00ed slu\u017eby s&nbsp;nab\u00eddkou \u0161itou konkr\u00e9tn\u00edmu z\u00e1kazn\u00edkovi na m\u00edru. V&nbsp;na\u0161\u00ed nab\u00eddce najdete hotely nejvy\u0161\u0161\u00ed kategorie, ale i b\u011b\u017en\u00e9 hotely, hostely \u010di ubytov\u00e1n\u00ed v&nbsp;soukrom\u00ed.&nbsp;&#8230;<\/p>\n","protected":false},"author":2,"featured_media":0,"parent":0,"menu_order":0,"comment_status":"closed","ping_status":"closed","template":"","meta":{"_kadence_starter_templates_imported_post":false,"_kad_post_transparent":"","_kad_post_title":"","_kad_post_layout":"","_kad_post_sidebar_id":"","_kad_post_content_style":"","_kad_post_vertical_padding":"","_kad_post_feature":"","_kad_post_feature_position":"","_kad_post_header":false,"_kad_post_footer":false,"_kad_post_classname":"","footnotes":""},"class_list":["post-25","page","type-page","status-publish","hentry"],"yoast_head":"<!-- This site is optimized with the Yoast SEO plugin v27.4 - https:\/\/yoast.com\/product\/yoast-seo-wordpress\/ -->\n<title>O n\u00e1s - KL Travel<\/title>\n<meta name=\"robots\" content=\"index, follow, max-snippet:-1, max-image-preview:large, max-video-preview:-1\" \/>\n<link rel=\"canonical\" href=\"https:\/\/kltravel.eu\/index.php\/cs\/o-nas\/\" \/>\n<meta property=\"og:locale\" content=\"cs_CZ\" \/>\n<meta property=\"og:type\" content=\"article\" \/>\n<meta property=\"og:title\" content=\"O n\u00e1s - KL Travel\" \/>\n<meta property=\"og:description\" content=\"KL Travel Service je cestovn\u00ed agentura zprost\u0159edkov\u00e1vaj\u00edc\u00ed ubytov\u00e1n\u00ed, dopravu a dal\u0161\u00ed cestovn\u00ed slu\u017eby. K&nbsp;na\u0161im z\u00e1kazn\u00edk\u016fm pat\u0159\u00ed cestovn\u00ed kancel\u00e1\u0159e, firmy i jednotlivci, a to jak z&nbsp;\u010cesk\u00e9 republiky, tak ze zahrani\u010d\u00ed. Na\u0161\u00ed snahou je provozovat precizn\u00ed slu\u017eby s&nbsp;nab\u00eddkou \u0161itou konkr\u00e9tn\u00edmu z\u00e1kazn\u00edkovi na m\u00edru. V&nbsp;na\u0161\u00ed nab\u00eddce najdete hotely nejvy\u0161\u0161\u00ed kategorie, ale i b\u011b\u017en\u00e9 hotely, hostely \u010di ubytov\u00e1n\u00ed v&nbsp;soukrom\u00ed.&nbsp;...\" \/>\n<meta property=\"og:url\" content=\"https:\/\/kltravel.eu\/index.php\/cs\/o-nas\/\" \/>\n<meta property=\"og:site_name\" content=\"KL Travel\" \/>\n<meta property=\"article:modified_time\" content=\"2023-04-01T13:04:12+00:00\" \/>\n<meta name=\"twitter:card\" content=\"summary_large_image\" \/>\n<meta name=\"twitter:label1\" content=\"Odhadovan\u00e1 doba \u010dten\u00ed\" \/>\n\t<meta name=\"twitter:data1\" content=\"1 minuta\" \/>\n<script type=\"application\/ld+json\" class=\"yoast-schema-graph\">{\"@context\":\"https:\\\/\\\/schema.org\",\"@graph\":[{\"@type\":\"WebPage\",\"@id\":\"https:\\\/\\\/kltravel.eu\\\/index.php\\\/cs\\\/o-nas\\\/\",\"url\":\"https:\\\/\\\/kltravel.eu\\\/index.php\\\/cs\\\/o-nas\\\/\",\"name\":\"O n\u00e1s - KL Travel\",\"isPartOf\":{\"@id\":\"https:\\\/\\\/kltravel.eu\\\/#website\"},\"datePublished\":\"2023-03-30T18:57:04+00:00\",\"dateModified\":\"2023-04-01T13:04:12+00:00\",\"breadcrumb\":{\"@id\":\"https:\\\/\\\/kltravel.eu\\\/index.php\\\/cs\\\/o-nas\\\/#breadcrumb\"},\"inLanguage\":\"cs\",\"potentialAction\":[{\"@type\":\"ReadAction\",\"target\":[\"https:\\\/\\\/kltravel.eu\\\/index.php\\\/cs\\\/o-nas\\\/\"]}]},{\"@type\":\"BreadcrumbList\",\"@id\":\"https:\\\/\\\/kltravel.eu\\\/index.php\\\/cs\\\/o-nas\\\/#breadcrumb\",\"itemListElement\":[{\"@type\":\"ListItem\",\"position\":1,\"name\":\"Home\",\"item\":\"https:\\\/\\\/kltravel.eu\\\/\"},{\"@type\":\"ListItem\",\"position\":2,\"name\":\"O n\u00e1s\"}]},{\"@type\":\"WebSite\",\"@id\":\"https:\\\/\\\/kltravel.eu\\\/#website\",\"url\":\"https:\\\/\\\/kltravel.eu\\\/\",\"name\":\"kltravel.eu\",\"description\":\"\",\"potentialAction\":[{\"@type\":\"SearchAction\",\"target\":{\"@type\":\"EntryPoint\",\"urlTemplate\":\"https:\\\/\\\/kltravel.eu\\\/?s={search_term_string}\"},\"query-input\":{\"@type\":\"PropertyValueSpecification\",\"valueRequired\":true,\"valueName\":\"search_term_string\"}}],\"inLanguage\":\"cs\"}]}<\/script>\n<!-- \/ Yoast SEO plugin. -->","yoast_head_json":{"title":"O n\u00e1s - KL Travel","robots":{"index":"index","follow":"follow","max-snippet":"max-snippet:-1","max-image-preview":"max-image-preview:large","max-video-preview":"max-video-preview:-1"},"canonical":"https:\/\/kltravel.eu\/index.php\/cs\/o-nas\/","og_locale":"cs_CZ","og_type":"article","og_title":"O n\u00e1s - KL Travel","og_description":"KL Travel Service je cestovn\u00ed agentura zprost\u0159edkov\u00e1vaj\u00edc\u00ed ubytov\u00e1n\u00ed, dopravu a dal\u0161\u00ed cestovn\u00ed slu\u017eby. K&nbsp;na\u0161im z\u00e1kazn\u00edk\u016fm pat\u0159\u00ed cestovn\u00ed kancel\u00e1\u0159e, firmy i jednotlivci, a to jak z&nbsp;\u010cesk\u00e9 republiky, tak ze zahrani\u010d\u00ed. Na\u0161\u00ed snahou je provozovat precizn\u00ed slu\u017eby s&nbsp;nab\u00eddkou \u0161itou konkr\u00e9tn\u00edmu z\u00e1kazn\u00edkovi na m\u00edru. V&nbsp;na\u0161\u00ed nab\u00eddce najdete hotely nejvy\u0161\u0161\u00ed kategorie, ale i b\u011b\u017en\u00e9 hotely, hostely \u010di ubytov\u00e1n\u00ed v&nbsp;soukrom\u00ed.&nbsp;...","og_url":"https:\/\/kltravel.eu\/index.php\/cs\/o-nas\/","og_site_name":"KL Travel","article_modified_time":"2023-04-01T13:04:12+00:00","twitter_card":"summary_large_image","twitter_misc":{"Odhadovan\u00e1 doba \u010dten\u00ed":"1 minuta"},"schema":{"@context":"https:\/\/schema.org","@graph":[{"@type":"WebPage","@id":"https:\/\/kltravel.eu\/index.php\/cs\/o-nas\/","url":"https:\/\/kltravel.eu\/index.php\/cs\/o-nas\/","name":"O n\u00e1s - KL Travel","isPartOf":{"@id":"https:\/\/kltravel.eu\/#website"},"datePublished":"2023-03-30T18:57:04+00:00","dateModified":"2023-04-01T13:04:12+00:00","breadcrumb":{"@id":"https:\/\/kltravel.eu\/index.php\/cs\/o-nas\/#breadcrumb"},"inLanguage":"cs","potentialAction":[{"@type":"ReadAction","target":["https:\/\/kltravel.eu\/index.php\/cs\/o-nas\/"]}]},{"@type":"BreadcrumbList","@id":"https:\/\/kltravel.eu\/index.php\/cs\/o-nas\/#breadcrumb","itemListElement":[{"@type":"ListItem","position":1,"name":"Home","item":"https:\/\/kltravel.eu\/"},{"@type":"ListItem","position":2,"name":"O n\u00e1s"}]},{"@type":"WebSite","@id":"https:\/\/kltravel.eu\/#website","url":"https:\/\/kltravel.eu\/","name":"kltravel.eu","description":"","potentialAction":[{"@type":"SearchAction","target":{"@type":"EntryPoint","urlTemplate":"https:\/\/kltravel.eu\/?s={search_term_string}"},"query-input":{"@type":"PropertyValueSpecification","valueRequired":true,"valueName":"search_term_string"}}],"inLanguage":"cs"}]}},"_links":{"self":[{"href":"https:\/\/kltravel.eu\/index.php\/wp-json\/wp\/v2\/pages\/25","targetHints":{"allow":["GET"]}}],"collection":[{"href":"https:\/\/kltravel.eu\/index.php\/wp-json\/wp\/v2\/pages"}],"about":[{"href":"https:\/\/kltravel.eu\/index.php\/wp-json\/wp\/v2\/types\/page"}],"author":[{"embeddable":true,"href":"https:\/\/kltravel.eu\/index.php\/wp-json\/wp\/v2\/users\/2"}],"replies":[{"embeddable":true,"href":"https:\/\/kltravel.eu\/index.php\/wp-json\/wp\/v2\/comments?post=25"}],"version-history":[{"count":3,"href":"https:\/\/kltravel.eu\/index.php\/wp-json\/wp\/v2\/pages\/25\/revisions"}],"predecessor-version":[{"id":176,"href":"https:\/\/kltravel.eu\/index.php\/wp-json\/wp\/v2\/pages\/25\/revisions\/176"}],"wp:attachment":[{"href":"https:\/\/kltravel.eu\/index.php\/wp-json\/wp\/v2\/media?parent=25"}],"curies":[{"name":"wp","href":"https:\/\/api.w.org\/{rel}","templated":true}]}}