{"id":117,"date":"2023-04-01T09:11:29","date_gmt":"2023-04-01T07:11:29","guid":{"rendered":"https:\/\/kltravel.eu\/?page_id=117"},"modified":"2023-04-01T14:59:59","modified_gmt":"2023-04-01T12:59:59","slug":"doprava","status":"publish","type":"page","link":"https:\/\/kltravel.eu\/index.php\/cs\/doprava\/","title":{"rendered":"Doprava"},"content":{"rendered":"\n<p>Cestovn\u00ed agentura KL Travel Service zaji\u0161\u0165uje r\u016fzn\u00e9 typy dopravy dle specifick\u00fdch po\u017eadavk\u016f klient\u016f, a\u0165 u\u017e se jedn\u00e1 o cesty pracovn\u00ed (veletrhy, v\u00fdstavy, konference), \u010di v\u00fdpravy za pozn\u00e1n\u00edm \u010di jin\u00e9 volno\u010dasov\u00e9 aktivity. Dle Va\u0161eho p\u0159\u00e1n\u00ed vy\u0159\u00edd\u00edme letenky, zprost\u0159edkujeme autobusovou dopravu pro sportovn\u00ed kolektivy, pro \u0161koly na \u0161koln\u00ed v\u00fdlety, ly\u017ea\u0159sk\u00e9 z\u00e1jezdy \u010di v\u00fdm\u011bnn\u00e9 pobyty, men\u0161\u00ed skupiny mohou vyu\u017e\u00edt mikro \u010di minibusu. Firm\u00e1m i jednotlivc\u016fm nab\u00edz\u00edme zaji\u0161t\u011bn\u00ed transferu z \/ na leti\u0161t\u011b \u010di n\u00e1dra\u017e\u00ed.<\/p>\n","protected":false},"excerpt":{"rendered":"<p>Cestovn\u00ed agentura KL Travel Service zaji\u0161\u0165uje r\u016fzn\u00e9 typy dopravy dle specifick\u00fdch po\u017eadavk\u016f klient\u016f, a\u0165 u\u017e se jedn\u00e1 o cesty pracovn\u00ed (veletrhy, v\u00fdstavy, konference), \u010di v\u00fdpravy za pozn\u00e1n\u00edm \u010di jin\u00e9 volno\u010dasov\u00e9 aktivity. Dle Va\u0161eho p\u0159\u00e1n\u00ed vy\u0159\u00edd\u00edme letenky, zprost\u0159edkujeme autobusovou dopravu pro sportovn\u00ed kolektivy, pro \u0161koly na \u0161koln\u00ed v\u00fdlety, ly\u017ea\u0159sk\u00e9 z\u00e1jezdy \u010di v\u00fdm\u011bnn\u00e9 pobyty, men\u0161\u00ed skupiny mohou&#8230;<\/p>\n","protected":false},"author":3,"featured_media":0,"parent":0,"menu_order":0,"comment_status":"closed","ping_status":"closed","template":"","meta":{"_kadence_starter_templates_imported_post":false,"_kad_post_transparent":"","_kad_post_title":"","_kad_post_layout":"","_kad_post_sidebar_id":"","_kad_post_content_style":"","_kad_post_vertical_padding":"","_kad_post_feature":"","_kad_post_feature_position":"","_kad_post_header":false,"_kad_post_footer":false,"_kad_post_classname":"","footnotes":""},"class_list":["post-117","page","type-page","status-publish","hentry"],"yoast_head":"<!-- This site is optimized with the Yoast SEO plugin v27.4 - https:\/\/yoast.com\/product\/yoast-seo-wordpress\/ -->\n<title>Doprava - KL Travel<\/title>\n<meta name=\"robots\" content=\"index, follow, max-snippet:-1, max-image-preview:large, max-video-preview:-1\" \/>\n<link rel=\"canonical\" href=\"https:\/\/kltravel.eu\/index.php\/cs\/doprava\/\" \/>\n<meta property=\"og:locale\" content=\"cs_CZ\" \/>\n<meta property=\"og:type\" content=\"article\" \/>\n<meta property=\"og:title\" content=\"Doprava - KL Travel\" \/>\n<meta property=\"og:description\" content=\"Cestovn\u00ed agentura KL Travel Service zaji\u0161\u0165uje r\u016fzn\u00e9 typy dopravy dle specifick\u00fdch po\u017eadavk\u016f klient\u016f, a\u0165 u\u017e se jedn\u00e1 o cesty pracovn\u00ed (veletrhy, v\u00fdstavy, konference), \u010di v\u00fdpravy za pozn\u00e1n\u00edm \u010di jin\u00e9 volno\u010dasov\u00e9 aktivity. Dle Va\u0161eho p\u0159\u00e1n\u00ed vy\u0159\u00edd\u00edme letenky, zprost\u0159edkujeme autobusovou dopravu pro sportovn\u00ed kolektivy, pro \u0161koly na \u0161koln\u00ed v\u00fdlety, ly\u017ea\u0159sk\u00e9 z\u00e1jezdy \u010di v\u00fdm\u011bnn\u00e9 pobyty, men\u0161\u00ed skupiny mohou...\" \/>\n<meta property=\"og:url\" content=\"https:\/\/kltravel.eu\/index.php\/cs\/doprava\/\" \/>\n<meta property=\"og:site_name\" content=\"KL Travel\" \/>\n<meta property=\"article:modified_time\" content=\"2023-04-01T12:59:59+00:00\" \/>\n<meta name=\"twitter:card\" content=\"summary_large_image\" \/>\n<script type=\"application\/ld+json\" class=\"yoast-schema-graph\">{\"@context\":\"https:\\\/\\\/schema.org\",\"@graph\":[{\"@type\":\"WebPage\",\"@id\":\"https:\\\/\\\/kltravel.eu\\\/index.php\\\/cs\\\/doprava\\\/\",\"url\":\"https:\\\/\\\/kltravel.eu\\\/index.php\\\/cs\\\/doprava\\\/\",\"name\":\"Doprava - KL Travel\",\"isPartOf\":{\"@id\":\"https:\\\/\\\/kltravel.eu\\\/#website\"},\"datePublished\":\"2023-04-01T07:11:29+00:00\",\"dateModified\":\"2023-04-01T12:59:59+00:00\",\"breadcrumb\":{\"@id\":\"https:\\\/\\\/kltravel.eu\\\/index.php\\\/cs\\\/doprava\\\/#breadcrumb\"},\"inLanguage\":\"cs\",\"potentialAction\":[{\"@type\":\"ReadAction\",\"target\":[\"https:\\\/\\\/kltravel.eu\\\/index.php\\\/cs\\\/doprava\\\/\"]}]},{\"@type\":\"BreadcrumbList\",\"@id\":\"https:\\\/\\\/kltravel.eu\\\/index.php\\\/cs\\\/doprava\\\/#breadcrumb\",\"itemListElement\":[{\"@type\":\"ListItem\",\"position\":1,\"name\":\"Home\",\"item\":\"https:\\\/\\\/kltravel.eu\\\/\"},{\"@type\":\"ListItem\",\"position\":2,\"name\":\"Doprava\"}]},{\"@type\":\"WebSite\",\"@id\":\"https:\\\/\\\/kltravel.eu\\\/#website\",\"url\":\"https:\\\/\\\/kltravel.eu\\\/\",\"name\":\"kltravel.eu\",\"description\":\"\",\"potentialAction\":[{\"@type\":\"SearchAction\",\"target\":{\"@type\":\"EntryPoint\",\"urlTemplate\":\"https:\\\/\\\/kltravel.eu\\\/?s={search_term_string}\"},\"query-input\":{\"@type\":\"PropertyValueSpecification\",\"valueRequired\":true,\"valueName\":\"search_term_string\"}}],\"inLanguage\":\"cs\"}]}<\/script>\n<!-- \/ Yoast SEO plugin. -->","yoast_head_json":{"title":"Doprava - KL Travel","robots":{"index":"index","follow":"follow","max-snippet":"max-snippet:-1","max-image-preview":"max-image-preview:large","max-video-preview":"max-video-preview:-1"},"canonical":"https:\/\/kltravel.eu\/index.php\/cs\/doprava\/","og_locale":"cs_CZ","og_type":"article","og_title":"Doprava - KL Travel","og_description":"Cestovn\u00ed agentura KL Travel Service zaji\u0161\u0165uje r\u016fzn\u00e9 typy dopravy dle specifick\u00fdch po\u017eadavk\u016f klient\u016f, a\u0165 u\u017e se jedn\u00e1 o cesty pracovn\u00ed (veletrhy, v\u00fdstavy, konference), \u010di v\u00fdpravy za pozn\u00e1n\u00edm \u010di jin\u00e9 volno\u010dasov\u00e9 aktivity. Dle Va\u0161eho p\u0159\u00e1n\u00ed vy\u0159\u00edd\u00edme letenky, zprost\u0159edkujeme autobusovou dopravu pro sportovn\u00ed kolektivy, pro \u0161koly na \u0161koln\u00ed v\u00fdlety, ly\u017ea\u0159sk\u00e9 z\u00e1jezdy \u010di v\u00fdm\u011bnn\u00e9 pobyty, men\u0161\u00ed skupiny mohou...","og_url":"https:\/\/kltravel.eu\/index.php\/cs\/doprava\/","og_site_name":"KL Travel","article_modified_time":"2023-04-01T12:59:59+00:00","twitter_card":"summary_large_image","schema":{"@context":"https:\/\/schema.org","@graph":[{"@type":"WebPage","@id":"https:\/\/kltravel.eu\/index.php\/cs\/doprava\/","url":"https:\/\/kltravel.eu\/index.php\/cs\/doprava\/","name":"Doprava - KL Travel","isPartOf":{"@id":"https:\/\/kltravel.eu\/#website"},"datePublished":"2023-04-01T07:11:29+00:00","dateModified":"2023-04-01T12:59:59+00:00","breadcrumb":{"@id":"https:\/\/kltravel.eu\/index.php\/cs\/doprava\/#breadcrumb"},"inLanguage":"cs","potentialAction":[{"@type":"ReadAction","target":["https:\/\/kltravel.eu\/index.php\/cs\/doprava\/"]}]},{"@type":"BreadcrumbList","@id":"https:\/\/kltravel.eu\/index.php\/cs\/doprava\/#breadcrumb","itemListElement":[{"@type":"ListItem","position":1,"name":"Home","item":"https:\/\/kltravel.eu\/"},{"@type":"ListItem","position":2,"name":"Doprava"}]},{"@type":"WebSite","@id":"https:\/\/kltravel.eu\/#website","url":"https:\/\/kltravel.eu\/","name":"kltravel.eu","description":"","potentialAction":[{"@type":"SearchAction","target":{"@type":"EntryPoint","urlTemplate":"https:\/\/kltravel.eu\/?s={search_term_string}"},"query-input":{"@type":"PropertyValueSpecification","valueRequired":true,"valueName":"search_term_string"}}],"inLanguage":"cs"}]}},"_links":{"self":[{"href":"https:\/\/kltravel.eu\/index.php\/wp-json\/wp\/v2\/pages\/117","targetHints":{"allow":["GET"]}}],"collection":[{"href":"https:\/\/kltravel.eu\/index.php\/wp-json\/wp\/v2\/pages"}],"about":[{"href":"https:\/\/kltravel.eu\/index.php\/wp-json\/wp\/v2\/types\/page"}],"author":[{"embeddable":true,"href":"https:\/\/kltravel.eu\/index.php\/wp-json\/wp\/v2\/users\/3"}],"replies":[{"embeddable":true,"href":"https:\/\/kltravel.eu\/index.php\/wp-json\/wp\/v2\/comments?post=117"}],"version-history":[{"count":2,"href":"https:\/\/kltravel.eu\/index.php\/wp-json\/wp\/v2\/pages\/117\/revisions"}],"predecessor-version":[{"id":174,"href":"https:\/\/kltravel.eu\/index.php\/wp-json\/wp\/v2\/pages\/117\/revisions\/174"}],"wp:attachment":[{"href":"https:\/\/kltravel.eu\/index.php\/wp-json\/wp\/v2\/media?parent=117"}],"curies":[{"name":"wp","href":"https:\/\/api.w.org\/{rel}","templated":true}]}}